{"id":44,"date":"2017-07-04T10:06:29","date_gmt":"2017-07-04T08:06:29","guid":{"rendered":"http:\/\/discgolf-altenau.de\/?page_id=44"},"modified":"2017-07-04T10:06:29","modified_gmt":"2017-07-04T08:06:29","slug":"spielregeln","status":"publish","type":"page","link":"https:\/\/discgolf-altenau.de\/index.php\/spielregeln\/","title":{"rendered":"Spielregeln"},"content":{"rendered":"<ol>\n<li><strong>R\u00fccksichtnahme:<\/strong> Oberstes Gebot beim Disc Golf ist die R\u00fccksichtnahme auf Mitspieler, Fu\u00dfg\u00e4nger und Tiere, sowie der schonende Umgang mit der Natur!<\/li>\n<li><strong>Sicherheit:<\/strong> Jeder Spieler muss sich vor dem Wurf vergewissern, dass sich niemand auf der Spielbahn befindet. Die Mitspieler m\u00fcssen sich immer hinter dem abwerfenden Spieler aufhalten.<\/li>\n<li><strong>Abwurfreihenfolge:<\/strong> Zu Beginn werfen alle nacheinander vom Abwurf aus ab. Danach spielt immer derjenige als erstes weiter, dessen Disc am weitesten vom Ziel entfernt liegt. Ab der zweiten Bahn beginnt der Spieler, der an der vorigen Bahn am wenigsten W\u00fcrfe gebraucht hat. Bei Gleichstand werden solange die Ergebnisse der vorigen Bahnen verglichen, bis die Reihenfolge feststeht.<\/li>\n<li><strong>Wertung (Score):<\/strong> Liegt die Disc eines Spielers im Zielkorb, so ist f\u00fcr Ihn diese Spielbahn beendet. Die Anzahl der ben\u00f6tigten W\u00fcrfe wird in die Scorekarte eingetragen. Gesamtsieger ist am Ende der Runde der Spieler mit der geringsten Gesamtwurfanzahl.<\/li>\n<li><strong>Abwurfposition:<\/strong> Beim Abwurf vom Tee (Startpunkt) muss hinter der Teemarkierung begonnen werden. Nach dem Wurf darf die Markierung \u00fcbertreten werden. Im weiteren Spielverlauf wird immer von dort weitergeworfen, wo die Disc liegen blieb. Dabei kann die Scheibe entweder liegen gelassen werden oder man markiert die Position der Disc mit einem &#8222;Marker&#8220; in Richtung des Zielkorbes. Die Disc darf nun entfernt und auch f\u00fcr den n\u00e4chsten Wurf, bei Bedarf, verwendet werden. Es muss immer direkt hinter der Scheibe bzw. dem Marker abgeworfen werden, auch wenn die Disc in einem Geb\u00fcsch oder hinter einem Baum gelandet ist &#8211; auch knifflige Lagen geh\u00f6ren zum Spiel! Sollte die Disc aufgrund eines Hindernisses nicht den Boden ber\u00fchren, so markiert man direkt unterhalb der Scheibe (lotrecht) und spielt von dort weiter. Ausnahme: Kann von einer Scheibenposition nicht ohne Risiko abgeworfen werden oder ist die Disc nicht erreichbar, so hat ein Spieler die M\u00f6glichkeit, hinter dem Hindernis weiter zu spielen, kassiert daf\u00fcr allerdings einen Strafpunkt (Score +1).<\/li>\n<\/ol>\n","protected":false},"excerpt":{"rendered":"<p>R\u00fccksichtnahme: Oberstes Gebot beim Disc Golf ist die R\u00fccksichtnahme auf Mitspieler, Fu\u00dfg\u00e4nger und Tiere, sowie der schonende Umgang mit der Natur! Sicherheit: Jeder Spieler muss sich vor dem Wurf vergewissern, dass sich niemand auf der Spielbahn befindet. Die Mitspieler m\u00fcssen sich immer hinter dem abwerfenden Spieler aufhalten. Abwurfreihenfolge: Zu Beginn werfen alle nacheinander vom Abwurf &hellip; <a href=\"https:\/\/discgolf-altenau.de\/index.php\/spielregeln\/\" class=\"more-link\"><span class=\"screen-reader-text\">Spielregeln<\/span> weiterlesen<\/a><\/p>\n","protected":false},"author":1,"featured_media":0,"parent":0,"menu_order":0,"comment_status":"closed","ping_status":"closed","template":"","meta":[],"_links":{"self":[{"href":"https:\/\/discgolf-altenau.de\/index.php\/wp-json\/wp\/v2\/pages\/44"}],"collection":[{"href":"https:\/\/discgolf-altenau.de\/index.php\/wp-json\/wp\/v2\/pages"}],"about":[{"href":"https:\/\/discgolf-altenau.de\/index.php\/wp-json\/wp\/v2\/types\/page"}],"author":[{"embeddable":true,"href":"https:\/\/discgolf-altenau.de\/index.php\/wp-json\/wp\/v2\/users\/1"}],"replies":[{"embeddable":true,"href":"https:\/\/discgolf-altenau.de\/index.php\/wp-json\/wp\/v2\/comments?post=44"}],"version-history":[{"count":1,"href":"https:\/\/discgolf-altenau.de\/index.php\/wp-json\/wp\/v2\/pages\/44\/revisions"}],"predecessor-version":[{"id":45,"href":"https:\/\/discgolf-altenau.de\/index.php\/wp-json\/wp\/v2\/pages\/44\/revisions\/45"}],"wp:attachment":[{"href":"https:\/\/discgolf-altenau.de\/index.php\/wp-json\/wp\/v2\/media?parent=44"}],"curies":[{"name":"wp","href":"https:\/\/api.w.org\/{rel}","templated":true}]}}