{"id":8,"date":"2017-07-04T09:04:51","date_gmt":"2017-07-04T07:04:51","guid":{"rendered":"http:\/\/discgolf-altenau.de\/?page_id=8"},"modified":"2017-07-04T09:53:21","modified_gmt":"2017-07-04T07:53:21","slug":"ueber-discgolf","status":"publish","type":"page","link":"https:\/\/discgolf-altenau.de\/index.php\/ueber-discgolf\/","title":{"rendered":"\u00dcber Discgolf"},"content":{"rendered":"<p><strong>DiscGolf ist ein junger, neuer Sport!<br \/>\n<\/strong>Es ist eine Mischung aus klassischem Golf und Frisbee. DiscGolf ist ein Sport f\u00fcr jede Generation, vom Grundschulkind bis ins hohe Seniorenalter.\u00a0 Es kann als Team oder Alleine gespielt werden.<\/p>\n<p>Ziel beim DiscGolf ist, einen Kurs von 9 oder 18 Bahnen mit m\u00f6glichst wenigen W\u00fcrfen zu absolvieren. Von einer festgelegten Abwurfzone aus wirft der Spieler die Scheibe in Richtung eines Fangkorbs aus Metall. Der Spieler markiert die Stelle, wo die Scheibe gelandet ist, und spielt von dort aus weiter. Die Bahn ist zu Ende gespielt, wenn die Scheibe im Fangkorb versenkt wurde.<\/p>\n<p>Die L\u00e4nge der Bahnen betr\u00e4gt bei diesem Bergparcours zwischen 54 und 106 Metern. Dabei sind H\u00f6henunterschiede von bis zu 21 Metern zu \u00fcberwinden.<\/p>\n<p>Die Kombination aus Sport, Wandern und Natur kann nur hier so erlebt werden und bietet gerade f\u00fcr Familien die M\u00f6glichkeit etwas gemeinsam zu erleben.<\/p>\n<p>Die Kosten sind sehr gering und die Hemmschwelle sehr niedrig. Lediglich das Ausleihen der Scheiben ist notwendig, \u00e4hnlich wie beim Minigolf, eigene Scheiben k\u00f6nnen mitgebracht werden.<\/p>\n","protected":false},"excerpt":{"rendered":"<p>DiscGolf ist ein junger, neuer Sport! Es ist eine Mischung aus klassischem Golf und Frisbee. DiscGolf ist ein Sport f\u00fcr jede Generation, vom Grundschulkind bis ins hohe Seniorenalter.\u00a0 Es kann als Team oder Alleine gespielt werden. Ziel beim DiscGolf ist, einen Kurs von 9 oder 18 Bahnen mit m\u00f6glichst wenigen W\u00fcrfen zu absolvieren. Von einer &hellip; <a href=\"https:\/\/discgolf-altenau.de\/index.php\/ueber-discgolf\/\" class=\"more-link\"><span class=\"screen-reader-text\">\u00dcber Discgolf<\/span> weiterlesen<\/a><\/p>\n","protected":false},"author":1,"featured_media":39,"parent":0,"menu_order":0,"comment_status":"closed","ping_status":"closed","template":"","meta":[],"_links":{"self":[{"href":"https:\/\/discgolf-altenau.de\/index.php\/wp-json\/wp\/v2\/pages\/8"}],"collection":[{"href":"https:\/\/discgolf-altenau.de\/index.php\/wp-json\/wp\/v2\/pages"}],"about":[{"href":"https:\/\/discgolf-altenau.de\/index.php\/wp-json\/wp\/v2\/types\/page"}],"author":[{"embeddable":true,"href":"https:\/\/discgolf-altenau.de\/index.php\/wp-json\/wp\/v2\/users\/1"}],"replies":[{"embeddable":true,"href":"https:\/\/discgolf-altenau.de\/index.php\/wp-json\/wp\/v2\/comments?post=8"}],"version-history":[{"count":4,"href":"https:\/\/discgolf-altenau.de\/index.php\/wp-json\/wp\/v2\/pages\/8\/revisions"}],"predecessor-version":[{"id":37,"href":"https:\/\/discgolf-altenau.de\/index.php\/wp-json\/wp\/v2\/pages\/8\/revisions\/37"}],"wp:featuredmedia":[{"embeddable":true,"href":"https:\/\/discgolf-altenau.de\/index.php\/wp-json\/wp\/v2\/media\/39"}],"wp:attachment":[{"href":"https:\/\/discgolf-altenau.de\/index.php\/wp-json\/wp\/v2\/media?parent=8"}],"curies":[{"name":"wp","href":"https:\/\/api.w.org\/{rel}","templated":true}]}}